{"id":2349,"date":"2021-04-29T10:59:51","date_gmt":"2021-04-29T09:59:51","guid":{"rendered":"http:\/\/www.goodsitev2.allogoodweb.com\/?page_id=2349"},"modified":"2022-12-19T17:08:38","modified_gmt":"2022-12-19T16:08:38","slug":"burgers","status":"publish","type":"page","link":"https:\/\/www.carfood.fr\/?page_id=2349","title":{"rendered":"Nos Burgers"},"content":{"rendered":"\n<div class=\"wp-block-uagb-advanced-heading uagb-block-9c5f607d\"><h2 class=\"uagb-heading-text\">NOS BURGERS<\/h2><div class=\"uagb-separator\"><\/div><p class=\"uagb-desc-text\">SERVI EN MENU AVEC FRITES &amp;  1 BOISSONS 33CL<\/p><\/div>\n\n\n\n<div class=\"inherit-container-width wp-block-group is-layout-constrained wp-block-group-is-layout-constrained\"><div class=\"wp-block-group__inner-container\">\n<section class=\"wp-block-uagb-section uagb-section__wrap uagb-section__background-undefined uagb-block-fc493e8c page-produit\"><div class=\"uagb-section__overlay\"><\/div><div class=\"uagb-section__inner-wrap\">\n<div class=\"wp-block-columns is-layout-flex wp-container-core-columns-is-layout-28f84493 wp-block-columns-is-layout-flex\">\n<div class=\"wp-block-column marge-bas-prod is-layout-flow wp-block-column-is-layout-flow\">\n<div class=\"wp-block-uagb-info-box uagb-block-1d815d09 uagb-infobox__content-wrap  uagb-infobox-icon-above-title uagb-infobox-image-valign-top bloc-carte2\"><div class=\"uagb-ifb-content\"><div class=\"uagb-ifb-image-content\"><img decoding=\"async\" src=\"https:\/\/www.carfood.fr\/wp-content\/uploads\/2022\/12\/burger-savoyard.png\" alt=\"\" width=\"580\" height=\"300\" loading=\"lazy\"\/><\/div><div class=\"uagb-ifb-title-wrap\"><span class=\"uagb-ifb-title-prefix\">7.50\u20ac<\/span><h3 class=\"uagb-ifb-title\">SAVOYARD<\/h3><\/div><p class=\"uagb-ifb-desc\"><mark style=\"background-color:rgba(0, 0, 0, 0);color:#ee3f27\" class=\"has-inline-color\"><strong>Steak 135g<\/strong><\/mark>, crudit\u00e9s, jambon de dinde fum\u00e9,<br>fromage raclette, sauce poivre<\/p><\/div><\/div>\n\n\n\n<div class=\"wp-block-columns is-layout-flex wp-container-core-columns-is-layout-28f84493 wp-block-columns-is-layout-flex\">\n<div class=\"wp-block-column back-price-prod is-layout-flow wp-block-column-is-layout-flow\">\n<p class=\"has-text-align-center price-prod\">Menu : 10.00\u20ac<\/p>\n<\/div>\n<\/div>\n<\/div>\n\n\n\n<div class=\"wp-block-column marge-bas-prod is-layout-flow wp-block-column-is-layout-flow\">\n<div class=\"wp-block-uagb-info-box uagb-block-f1bcca80 uagb-infobox__content-wrap  uagb-infobox-icon-above-title uagb-infobox-image-valign-top bloc-carte2\"><div class=\"uagb-ifb-content\"><div class=\"uagb-ifb-image-content\"><img decoding=\"async\" src=\"https:\/\/www.carfood.fr\/wp-content\/uploads\/2022\/12\/burger-trepane.png\" alt=\"\" width=\"580\" height=\"300\" loading=\"lazy\"\/><\/div><div class=\"uagb-ifb-title-wrap\"><span class=\"uagb-ifb-title-prefix\">7.50\u20ac<\/span><h3 class=\"uagb-ifb-title\">TR\u00c9PAN\u00c9<\/h3><\/div><p class=\"uagb-ifb-desc\">Pain farin\u00e9, steak, chicken pan\u00e9,<br>cheddar, salade, sauce brazil<\/p><\/div><\/div>\n\n\n\n<div class=\"wp-block-columns is-layout-flex wp-container-core-columns-is-layout-28f84493 wp-block-columns-is-layout-flex\">\n<div class=\"wp-block-column back-price-prod is-layout-flow wp-block-column-is-layout-flow\">\n<p class=\"has-text-align-center price-prod\">Menu : 10.00\u20ac<\/p>\n<\/div>\n<\/div>\n<\/div>\n\n\n\n<div class=\"wp-block-column marge-bas-prod is-layout-flow wp-block-column-is-layout-flow\">\n<div class=\"wp-block-uagb-info-box uagb-block-3abe787d uagb-infobox__content-wrap  uagb-infobox-icon-above-title uagb-infobox-image-valign-top bloc-carte2\"><div class=\"uagb-ifb-content\"><div class=\"uagb-ifb-image-content\"><img decoding=\"async\" src=\"https:\/\/www.carfood.fr\/wp-content\/uploads\/2022\/12\/burger-mega.png\" alt=\"\" width=\"580\" height=\"300\" loading=\"lazy\"\/><\/div><div class=\"uagb-ifb-title-wrap\"><span class=\"uagb-ifb-title-prefix\">7.00\u20ac<\/span><h3 class=\"uagb-ifb-title\">M\u00c9GA<\/h3><\/div><p class=\"uagb-ifb-desc\"><strong><mark style=\"background-color:rgba(0, 0, 0, 0);color:#ee3f27\" class=\"has-inline-color\">Steak 135G<\/mark><\/strong>, crudit\u00e9s, cheddar,<br>sauce biggy burger<\/p><\/div><\/div>\n\n\n\n<div class=\"wp-block-columns is-layout-flex wp-container-core-columns-is-layout-28f84493 wp-block-columns-is-layout-flex\">\n<div class=\"wp-block-column back-price-prod is-layout-flow wp-block-column-is-layout-flow\">\n<p class=\"has-text-align-center price-prod\">Menu : 9.50\u20ac<\/p>\n<\/div>\n<\/div>\n<\/div>\n<\/div>\n\n\n\n<div class=\"wp-block-columns is-layout-flex wp-container-core-columns-is-layout-28f84493 wp-block-columns-is-layout-flex\">\n<div class=\"wp-block-column marge-bas-prod is-layout-flow wp-block-column-is-layout-flow\">\n<div class=\"wp-block-uagb-info-box uagb-block-d5d5e0f5 uagb-infobox__content-wrap  uagb-infobox-icon-above-title uagb-infobox-image-valign-top bloc-carte2\"><div class=\"uagb-ifb-content\"><div class=\"uagb-ifb-image-content\"><img decoding=\"async\" src=\"https:\/\/www.carfood.fr\/wp-content\/uploads\/2022\/12\/burger-raclure.png\" alt=\"\" width=\"580\" height=\"300\" loading=\"lazy\"\/><\/div><div class=\"uagb-ifb-title-wrap\"><span class=\"uagb-ifb-title-prefix\">6.50\u20ac<\/span><h3 class=\"uagb-ifb-title\">RACLURE<\/h3><\/div><p class=\"uagb-ifb-desc\">Pain farin\u00e9, steak,<br>double fromage raclette, crudit\u00e9s,<br>sauce mayo &amp; pitta<\/p><\/div><\/div>\n\n\n\n<div class=\"wp-block-columns is-layout-flex wp-container-core-columns-is-layout-28f84493 wp-block-columns-is-layout-flex\">\n<div class=\"wp-block-column back-price-prod is-layout-flow wp-block-column-is-layout-flow\">\n<p class=\"has-text-align-center price-prod\">Menu : 9.00\u20ac<\/p>\n<\/div>\n<\/div>\n<\/div>\n\n\n\n<div class=\"wp-block-column marge-bas-prod is-layout-flow wp-block-column-is-layout-flow\">\n<div class=\"wp-block-uagb-info-box uagb-block-621e7760 uagb-infobox__content-wrap  uagb-infobox-icon-above-title uagb-infobox-image-valign-top bloc-carte2\"><div class=\"uagb-ifb-content\"><div class=\"uagb-ifb-image-content\"><img decoding=\"async\" src=\"https:\/\/www.carfood.fr\/wp-content\/uploads\/2022\/12\/burger-normand.png\" alt=\"\" width=\"580\" height=\"300\" loading=\"lazy\"\/><\/div><div class=\"uagb-ifb-title-wrap\"><span class=\"uagb-ifb-title-prefix\">6.50\u20ac<\/span><h3 class=\"uagb-ifb-title\">NORMAND<\/h3><\/div><p class=\"uagb-ifb-desc\">Pain Farin\u00e9, chicken pan\u00e9, crudit\u00e9s,<br>camembert, sauce tartare,<br>sauce chili tha\u00ef<\/p><\/div><\/div>\n\n\n\n<div class=\"wp-block-columns is-layout-flex wp-container-core-columns-is-layout-28f84493 wp-block-columns-is-layout-flex\">\n<div class=\"wp-block-column back-price-prod is-layout-flow wp-block-column-is-layout-flow\">\n<p class=\"has-text-align-center price-prod\">Menu : 9.00\u20ac<\/p>\n<\/div>\n<\/div>\n<\/div>\n\n\n\n<div class=\"wp-block-column marge-bas-prod is-layout-flow wp-block-column-is-layout-flow\">\n<div class=\"wp-block-uagb-info-box uagb-block-0acd0ea7 uagb-infobox__content-wrap  uagb-infobox-icon-above-title uagb-infobox-image-valign-top bloc-carte2\"><div class=\"uagb-ifb-content\"><div class=\"uagb-ifb-image-content\"><img decoding=\"async\" src=\"https:\/\/www.carfood.fr\/wp-content\/uploads\/2022\/12\/burger-baps.png\" alt=\"\" width=\"580\" height=\"300\" loading=\"lazy\"\/><\/div><div class=\"uagb-ifb-title-wrap\"><span class=\"uagb-ifb-title-prefix\">6.00\u20ac<\/span><h3 class=\"uagb-ifb-title\">BAP&rsquo;S<\/h3><\/div><p class=\"uagb-ifb-desc\">Pain farin\u00e9, steak, galette r\u00f6stie,<br>cheddar, crudit\u00e9s,<br>sauce oignons poivrons<\/p><\/div><\/div>\n\n\n\n<div class=\"wp-block-columns is-layout-flex wp-container-core-columns-is-layout-28f84493 wp-block-columns-is-layout-flex\">\n<div class=\"wp-block-column back-price-prod is-layout-flow wp-block-column-is-layout-flow\">\n<p class=\"has-text-align-center price-prod\">Menu : 8.50\u20ac<\/p>\n<\/div>\n<\/div>\n<\/div>\n<\/div>\n\n\n\n<div class=\"wp-block-columns is-layout-flex wp-container-core-columns-is-layout-28f84493 wp-block-columns-is-layout-flex\">\n<div class=\"wp-block-column marge-bas-prod is-layout-flow wp-block-column-is-layout-flow\">\n<div class=\"wp-block-uagb-info-box uagb-block-c4c3129c uagb-infobox__content-wrap  uagb-infobox-icon-above-title uagb-infobox-image-valign-top bloc-carte2\"><div class=\"uagb-ifb-content\"><div class=\"uagb-ifb-image-content\"><img decoding=\"async\" src=\"https:\/\/www.carfood.fr\/wp-content\/uploads\/2022\/12\/burger-big.png\" alt=\"\" width=\"580\" height=\"300\" loading=\"lazy\"\/><\/div><div class=\"uagb-ifb-title-wrap\"><span class=\"uagb-ifb-title-prefix\">5.50\u20ac<\/span><h3 class=\"uagb-ifb-title\">BIG<\/h3><\/div><p class=\"uagb-ifb-desc\">2 Steaks, crudit\u00e9s,<br>cheddar, sauce biggy<\/p><\/div><\/div>\n\n\n\n<div class=\"wp-block-columns is-layout-flex wp-container-core-columns-is-layout-28f84493 wp-block-columns-is-layout-flex\">\n<div class=\"wp-block-column back-price-prod is-layout-flow wp-block-column-is-layout-flow\">\n<p class=\"has-text-align-center price-prod\">Menu : 8.00\u20ac<\/p>\n<\/div>\n<\/div>\n<\/div>\n\n\n\n<div class=\"wp-block-column marge-bas-prod is-layout-flow wp-block-column-is-layout-flow\">\n<div class=\"wp-block-uagb-info-box uagb-block-6d375c98 uagb-infobox__content-wrap  uagb-infobox-icon-above-title uagb-infobox-image-valign-top bloc-carte2\"><div class=\"uagb-ifb-content\"><div class=\"uagb-ifb-image-content\"><img decoding=\"async\" src=\"https:\/\/www.carfood.fr\/wp-content\/uploads\/2022\/12\/burger-royal-algerien.png\" alt=\"\" width=\"580\" height=\"300\" loading=\"lazy\"\/><\/div><div class=\"uagb-ifb-title-wrap\"><span class=\"uagb-ifb-title-prefix\">5.00\u20ac<\/span><h3 class=\"uagb-ifb-title\">ROYAL ALG\u00c9RIEN<\/h3><\/div><p class=\"uagb-ifb-desc\">Steak, crudit\u00e9s, cheddar,<br>sauce alg\u00e9rienne<\/p><\/div><\/div>\n\n\n\n<div class=\"wp-block-columns is-layout-flex wp-container-core-columns-is-layout-28f84493 wp-block-columns-is-layout-flex\">\n<div class=\"wp-block-column back-price-prod is-layout-flow wp-block-column-is-layout-flow\">\n<p class=\"has-text-align-center price-prod\">Menu : 7.50\u20ac<\/p>\n<\/div>\n<\/div>\n<\/div>\n\n\n\n<div class=\"wp-block-column marge-bas-prod is-layout-flow wp-block-column-is-layout-flow\">\n<div class=\"wp-block-uagb-info-box uagb-block-f1298026 uagb-infobox__content-wrap  uagb-infobox-icon-above-title uagb-infobox-image-valign-top bloc-carte2\"><div class=\"uagb-ifb-content\"><div class=\"uagb-ifb-image-content\"><img decoding=\"async\" src=\"https:\/\/www.carfood.fr\/wp-content\/uploads\/2022\/12\/burger-extreme.png\" alt=\"\" width=\"580\" height=\"300\" loading=\"lazy\"\/><\/div><div class=\"uagb-ifb-title-wrap\"><span class=\"uagb-ifb-title-prefix\">5.00\u20ac<\/span><h3 class=\"uagb-ifb-title\">EXTR\u00caME<\/h3><\/div><p class=\"uagb-ifb-desc\">2 steaks, cornichons,<br>2 cheddars, ketchup<\/p><\/div><\/div>\n\n\n\n<div class=\"wp-block-columns is-layout-flex wp-container-core-columns-is-layout-28f84493 wp-block-columns-is-layout-flex\">\n<div class=\"wp-block-column back-price-prod is-layout-flow wp-block-column-is-layout-flow\">\n<p class=\"has-text-align-center price-prod\">Menu : 7.50\u20ac<\/p>\n<\/div>\n<\/div>\n<\/div>\n\n\n\n<div class=\"wp-block-column marge-bas-prod is-layout-flow wp-block-column-is-layout-flow\">\n<div class=\"wp-block-uagb-info-box uagb-block-058b726b uagb-infobox__content-wrap  uagb-infobox-icon-above-title uagb-infobox-image-valign-top bloc-carte2\"><div class=\"uagb-ifb-content\"><div class=\"uagb-ifb-image-content\"><img decoding=\"async\" src=\"https:\/\/www.carfood.fr\/wp-content\/uploads\/2022\/12\/burger-cheese.png\" alt=\"\" width=\"580\" height=\"300\" loading=\"lazy\"\/><\/div><div class=\"uagb-ifb-title-wrap\"><span class=\"uagb-ifb-title-prefix\">2.50\u20ac<\/span><h3 class=\"uagb-ifb-title\">CHEESE<\/h3><\/div><p class=\"uagb-ifb-desc\">Steak, cornichons,<br>cheddar, ketchup<\/p><\/div><\/div>\n\n\n\n<div class=\"wp-block-columns is-layout-flex wp-container-core-columns-is-layout-28f84493 wp-block-columns-is-layout-flex\">\n<div class=\"wp-block-column back-price-prod is-layout-flow wp-block-column-is-layout-flow\">\n<p class=\"has-text-align-center price-prod\">Menu : 5.00\u20ac<\/p>\n<\/div>\n<\/div>\n<\/div>\n<\/div>\n<\/div><\/section>\n<\/div><\/div>\n","protected":false},"excerpt":{"rendered":"","protected":false},"author":4,"featured_media":0,"parent":0,"menu_order":0,"comment_status":"closed","ping_status":"closed","template":"","meta":{"site-sidebar-layout":"default","site-content-layout":"default","ast-site-content-layout":"","site-content-style":"default","site-sidebar-style":"default","ast-global-header-display":"","ast-banner-title-visibility":"","ast-main-header-display":"","ast-hfb-above-header-display":"","ast-hfb-below-header-display":"","ast-hfb-mobile-header-display":"","site-post-title":"disabled","ast-breadcrumbs-content":"","ast-featured-img":"","footer-sml-layout":"","theme-transparent-header-meta":"default","adv-header-id-meta":"","stick-header-meta":"default","header-above-stick-meta":null,"header-main-stick-meta":"","header-below-stick-meta":null,"astra-migrate-meta-layouts":"default","ast-page-background-enabled":"default","ast-page-background-meta":{"desktop":{"background-color":"","background-image":"","background-repeat":"repeat","background-position":"center center","background-size":"auto","background-attachment":"scroll","background-type":"","background-media":"","overlay-type":"","overlay-color":"","overlay-opacity":"","overlay-gradient":""},"tablet":{"background-color":"","background-image":"","background-repeat":"repeat","background-position":"center center","background-size":"auto","background-attachment":"scroll","background-type":"","background-media":"","overlay-type":"","overlay-color":"","overlay-opacity":"","overlay-gradient":""},"mobile":{"background-color":"","background-image":"","background-repeat":"repeat","background-position":"center center","background-size":"auto","background-attachment":"scroll","background-type":"","background-media":"","overlay-type":"","overlay-color":"","overlay-opacity":"","overlay-gradient":""}},"ast-content-background-meta":{"desktop":{"background-color":"var(--ast-global-color-5)","background-image":"","background-repeat":"repeat","background-position":"center center","background-size":"auto","background-attachment":"scroll","background-type":"","background-media":"","overlay-type":"","overlay-color":"","overlay-opacity":"","overlay-gradient":""},"tablet":{"background-color":"var(--ast-global-color-5)","background-image":"","background-repeat":"repeat","background-position":"center center","background-size":"auto","background-attachment":"scroll","background-type":"","background-media":"","overlay-type":"","overlay-color":"","overlay-opacity":"","overlay-gradient":""},"mobile":{"background-color":"var(--ast-global-color-5)","background-image":"","background-repeat":"repeat","background-position":"center center","background-size":"auto","background-attachment":"scroll","background-type":"","background-media":"","overlay-type":"","overlay-color":"","overlay-opacity":"","overlay-gradient":""}},"footnotes":""},"class_list":["post-2349","page","type-page","status-publish","hentry"],"aioseo_notices":[],"_links":{"self":[{"href":"https:\/\/www.carfood.fr\/index.php?rest_route=\/wp\/v2\/pages\/2349","targetHints":{"allow":["GET"]}}],"collection":[{"href":"https:\/\/www.carfood.fr\/index.php?rest_route=\/wp\/v2\/pages"}],"about":[{"href":"https:\/\/www.carfood.fr\/index.php?rest_route=\/wp\/v2\/types\/page"}],"author":[{"embeddable":true,"href":"https:\/\/www.carfood.fr\/index.php?rest_route=\/wp\/v2\/users\/4"}],"replies":[{"embeddable":true,"href":"https:\/\/www.carfood.fr\/index.php?rest_route=%2Fwp%2Fv2%2Fcomments&post=2349"}],"version-history":[{"count":0,"href":"https:\/\/www.carfood.fr\/index.php?rest_route=\/wp\/v2\/pages\/2349\/revisions"}],"wp:attachment":[{"href":"https:\/\/www.carfood.fr\/index.php?rest_route=%2Fwp%2Fv2%2Fmedia&parent=2349"}],"curies":[{"name":"wp","href":"https:\/\/api.w.org\/{rel}","templated":true}]}}